{"id":755,"date":"2024-03-11T13:42:48","date_gmt":"2024-03-11T13:42:48","guid":{"rendered":"https:\/\/demo.antu.vn\/lightup\/?page_id=755"},"modified":"2024-03-15T04:12:26","modified_gmt":"2024-03-15T04:12:26","slug":"giao-trinh","status":"publish","type":"page","link":"https:\/\/demo.antu.vn\/lightup\/giao-trinh\/","title":{"rendered":"Gi\u00e1o tr\u00ecnh"},"content":{"rendered":"\t\t<div data-elementor-type=\"wp-page\" data-elementor-id=\"755\" class=\"elementor elementor-755\" data-elementor-post-type=\"page\">\n\t\t\t\t\t\t<section class=\"elementor-section elementor-top-section elementor-element elementor-element-2dbb4a6 elementor-section-boxed elementor-section-height-default elementor-section-height-default\" data-id=\"2dbb4a6\" data-element_type=\"section\">\n\t\t\t\t\t\t<div class=\"elementor-container elementor-column-gap-no\">\n\t\t\t\t\t<div class=\"elementor-column elementor-col-100 elementor-top-column elementor-element elementor-element-cf075da\" data-id=\"cf075da\" data-element_type=\"column\">\n\t\t\t<div class=\"elementor-widget-wrap elementor-element-populated\">\n\t\t\t\t\t\t<section class=\"elementor-section elementor-inner-section elementor-element elementor-element-cf7948b elementor-section-boxed elementor-section-height-default elementor-section-height-default\" data-id=\"cf7948b\" data-element_type=\"section\">\n\t\t\t\t\t\t<div class=\"elementor-container elementor-column-gap-narrow\">\n\t\t\t\t\t<div class=\"elementor-column elementor-col-50 elementor-inner-column elementor-element elementor-element-a616416\" data-id=\"a616416\" data-element_type=\"column\">\n\t\t\t<div class=\"elementor-widget-wrap elementor-element-populated\">\n\t\t\t\t\t\t<div class=\"elementor-element elementor-element-e46e831 elementor-widget__width-initial elementor-arrows-position-inside elementor-widget elementor-widget-image-carousel\" data-id=\"e46e831\" data-element_type=\"widget\" data-settings=\"{&quot;slides_to_show&quot;:&quot;1&quot;,&quot;navigation&quot;:&quot;arrows&quot;,&quot;autoplay&quot;:&quot;yes&quot;,&quot;pause_on_hover&quot;:&quot;yes&quot;,&quot;pause_on_interaction&quot;:&quot;yes&quot;,&quot;autoplay_speed&quot;:5000,&quot;infinite&quot;:&quot;yes&quot;,&quot;effect&quot;:&quot;slide&quot;,&quot;speed&quot;:500}\" data-widget_type=\"image-carousel.default\">\n\t\t\t\t<div class=\"elementor-widget-container\">\n\t\t\t<style>\/*! elementor - v3.19.0 - 28-02-2024 *\/\n.elementor-widget-image-carousel .swiper,.elementor-widget-image-carousel .swiper-container{position:static}.elementor-widget-image-carousel .swiper-container .swiper-slide figure,.elementor-widget-image-carousel .swiper .swiper-slide figure{line-height:inherit}.elementor-widget-image-carousel .swiper-slide{text-align:center}.elementor-image-carousel-wrapper:not(.swiper-container-initialized):not(.swiper-initialized) .swiper-slide{max-width:calc(100% \/ var(--e-image-carousel-slides-to-show, 3))}<\/style>\t\t<div class=\"elementor-image-carousel-wrapper swiper\" dir=\"ltr\">\n\t\t\t<div class=\"elementor-image-carousel swiper-wrapper swiper-image-stretch\" aria-live=\"off\">\n\t\t\t\t\t\t\t\t<div class=\"swiper-slide\" role=\"group\" aria-roledescription=\"slide\" aria-label=\"1 of 2\"><figure class=\"swiper-slide-inner\"><img decoding=\"async\" class=\"swiper-slide-image\" src=\"https:\/\/demo.antu.vn\/lightup\/wp-content\/uploads\/2024\/03\/Banner-Doc-Sach-Thang-3.jpg\" alt=\"Banner-\u0110\u1ecdc-S\u00e1ch-Th\u00e1ng-3\" \/><\/figure><\/div><div class=\"swiper-slide\" role=\"group\" aria-roledescription=\"slide\" aria-label=\"2 of 2\"><figure class=\"swiper-slide-inner\"><img decoding=\"async\" class=\"swiper-slide-image\" src=\"https:\/\/demo.antu.vn\/lightup\/wp-content\/uploads\/2024\/03\/Banner_Freeship.jpg\" alt=\"Banner_Freeship\" \/><\/figure><\/div>\t\t\t<\/div>\n\t\t\t\t\t\t\t\t\t\t\t\t<div class=\"elementor-swiper-button elementor-swiper-button-prev\" role=\"button\" tabindex=\"0\">\n\t\t\t\t\t\t<svg aria-hidden=\"true\" class=\"e-font-icon-svg e-eicon-chevron-left\" viewBox=\"0 0 1000 1000\" xmlns=\"http:\/\/www.w3.org\/2000\/svg\"><path d=\"M646 125C629 125 613 133 604 142L308 442C296 454 292 471 292 487 292 504 296 521 308 533L604 854C617 867 629 875 646 875 663 875 679 871 692 858 704 846 713 829 713 812 713 796 708 779 692 767L438 487 692 225C700 217 708 204 708 187 708 171 704 154 692 142 675 129 663 125 646 125Z\"><\/path><\/svg>\t\t\t\t\t<\/div>\n\t\t\t\t\t<div class=\"elementor-swiper-button elementor-swiper-button-next\" role=\"button\" tabindex=\"0\">\n\t\t\t\t\t\t<svg aria-hidden=\"true\" class=\"e-font-icon-svg e-eicon-chevron-right\" viewBox=\"0 0 1000 1000\" xmlns=\"http:\/\/www.w3.org\/2000\/svg\"><path d=\"M696 533C708 521 713 504 713 487 713 471 708 454 696 446L400 146C388 133 375 125 354 125 338 125 325 129 313 142 300 154 292 171 292 187 292 204 296 221 308 233L563 492 304 771C292 783 288 800 288 817 288 833 296 850 308 863 321 871 338 875 354 875 371 875 388 867 400 854L696 533Z\"><\/path><\/svg>\t\t\t\t\t<\/div>\n\t\t\t\t\n\t\t\t\t\t\t\t\t\t<\/div>\n\t\t\t\t<\/div>\n\t\t\t\t<\/div>\n\t\t\t\t\t<\/div>\n\t\t<\/div>\n\t\t\t\t<div class=\"elementor-column elementor-col-50 elementor-inner-column elementor-element elementor-element-c6e0f97 elementor-hidden-tablet elementor-hidden-mobile\" data-id=\"c6e0f97\" data-element_type=\"column\">\n\t\t\t<div class=\"elementor-widget-wrap elementor-element-populated\">\n\t\t\t\t\t\t<div class=\"elementor-element elementor-element-42dd192 elementor-widget__width-initial elementor-widget elementor-widget-image\" data-id=\"42dd192\" data-element_type=\"widget\" data-widget_type=\"image.default\">\n\t\t\t\t<div class=\"elementor-widget-container\">\n\t\t\t<style>\/*! elementor - v3.19.0 - 28-02-2024 *\/\n.elementor-widget-image{text-align:center}.elementor-widget-image a{display:inline-block}.elementor-widget-image a img[src$=\".svg\"]{width:48px}.elementor-widget-image img{vertical-align:middle;display:inline-block}<\/style>\t\t\t\t\t\t\t\t\t\t<img fetchpriority=\"high\" decoding=\"async\" width=\"290\" height=\"200\" src=\"https:\/\/demo.antu.vn\/lightup\/wp-content\/uploads\/2024\/03\/Top-Banner-290x200-2.jpg\" class=\"attachment-large size-large wp-image-800\" alt=\"\" \/>\t\t\t\t\t\t\t\t\t\t\t\t\t<\/div>\n\t\t\t\t<\/div>\n\t\t\t\t<div class=\"elementor-element elementor-element-1841ca7 elementor-widget__width-initial elementor-widget elementor-widget-image\" data-id=\"1841ca7\" data-element_type=\"widget\" data-widget_type=\"image.default\">\n\t\t\t\t<div class=\"elementor-widget-container\">\n\t\t\t\t\t\t\t\t\t\t\t\t\t<img decoding=\"async\" width=\"290\" height=\"200\" src=\"https:\/\/demo.antu.vn\/lightup\/wp-content\/uploads\/2024\/03\/Top-Banner-290x200-1.jpg\" class=\"attachment-large size-large wp-image-799\" alt=\"\" \/>\t\t\t\t\t\t\t\t\t\t\t\t\t<\/div>\n\t\t\t\t<\/div>\n\t\t\t\t\t<\/div>\n\t\t<\/div>\n\t\t\t\t\t<\/div>\n\t\t<\/section>\n\t\t\t\t<div class=\"elementor-element elementor-element-f409955 elementor-widget elementor-widget-text-editor\" data-id=\"f409955\" data-element_type=\"widget\" data-widget_type=\"text-editor.default\">\n\t\t\t\t<div class=\"elementor-widget-container\">\n\t\t\t<style>\/*! elementor - v3.19.0 - 28-02-2024 *\/\n.elementor-widget-text-editor.elementor-drop-cap-view-stacked .elementor-drop-cap{background-color:#69727d;color:#fff}.elementor-widget-text-editor.elementor-drop-cap-view-framed .elementor-drop-cap{color:#69727d;border:3px solid;background-color:transparent}.elementor-widget-text-editor:not(.elementor-drop-cap-view-default) .elementor-drop-cap{margin-top:8px}.elementor-widget-text-editor:not(.elementor-drop-cap-view-default) .elementor-drop-cap-letter{width:1em;height:1em}.elementor-widget-text-editor .elementor-drop-cap{float:left;text-align:center;line-height:1;font-size:50px}.elementor-widget-text-editor .elementor-drop-cap-letter{display:inline-block}<\/style>\t\t\t\t<h2 style=\"text-align: center;\">Tr\u1ecdn b\u1ed9 gi\u00e1o tr\u00ecnh Light Up<\/h2>\n<p style=\"text-align: center;\"><span style=\"color: #000000;\">Trang b\u1ecb cho h\u1ecdc vi\u00ean n\u1ec1n t\u1ea3ng Anh ng\u1eef v\u1eefng ch\u1eafc, th\u1ebf gi\u1edbi quan r\u1ed9ng m\u1edf, ni\u1ec1m say m\u00ea<\/span><br><span style=\"color: #000000;\">h\u1ecdc h\u1ecfi kh\u00f4ng ng\u1eebng v\u00e0 s\u1eb5n s\u00e0ng kh\u01a1i m\u1edf nh\u1eefng gi\u00e1 tr\u1ecb to\u00e0n c\u1ea7u ngay t\u1eeb b\u01b0\u1edbc kh\u1edfi \u0111\u1ea7u.<\/span><\/p>\t\t\t\t\t\t<\/div>\n\t\t\t\t<\/div>\n\t\t\t\t<div class=\"elementor-element elementor-element-f117001 elementor-grid-5 elementor-grid-mobile-2 elementor-posts--align-center elementor-grid-tablet-2 elementor-posts--thumbnail-top elementor-widget elementor-widget-posts\" data-id=\"f117001\" data-element_type=\"widget\" data-settings=\"{&quot;classic_columns&quot;:&quot;5&quot;,&quot;classic_columns_mobile&quot;:&quot;2&quot;,&quot;classic_columns_tablet&quot;:&quot;2&quot;,&quot;classic_row_gap&quot;:{&quot;unit&quot;:&quot;px&quot;,&quot;size&quot;:35,&quot;sizes&quot;:[]},&quot;classic_row_gap_tablet&quot;:{&quot;unit&quot;:&quot;px&quot;,&quot;size&quot;:&quot;&quot;,&quot;sizes&quot;:[]},&quot;classic_row_gap_mobile&quot;:{&quot;unit&quot;:&quot;px&quot;,&quot;size&quot;:&quot;&quot;,&quot;sizes&quot;:[]}}\" data-widget_type=\"posts.classic\">\n\t\t\t\t<div class=\"elementor-widget-container\">\n\t\t\t<link rel=\"stylesheet\" href=\"https:\/\/demo.antu.vn\/lightup\/wp-content\/plugins\/elementor-pro\/assets\/css\/widget-posts.min.css\">\t\t<div class=\"elementor-posts-container elementor-posts elementor-posts--skin-classic elementor-grid\">\n\t\t\t\t<article class=\"elementor-post elementor-grid-item post-764 giao-trinh type-giao-trinh status-publish has-post-thumbnail hentry\">\n\t\t\t\t<a class=\"elementor-post__thumbnail__link\" href=\"https:\/\/demo.antu.vn\/lightup\/giao-trinh\/ong-gia-va-bien-ca-3\/\" tabindex=\"-1\" >\n\t\t\t<div class=\"elementor-post__thumbnail\"><img decoding=\"async\" width=\"319\" height=\"480\" src=\"https:\/\/demo.antu.vn\/lightup\/wp-content\/uploads\/2024\/03\/onggiavabiencae1708260387922.webp\" class=\"attachment-full size-full wp-image-364\" alt=\"\" srcset=\"https:\/\/demo.antu.vn\/lightup\/wp-content\/uploads\/2024\/03\/onggiavabiencae1708260387922.webp 319w, https:\/\/demo.antu.vn\/lightup\/wp-content\/uploads\/2024\/03\/onggiavabiencae1708260387922-199x300.webp 199w\" sizes=\"(max-width: 319px) 100vw, 319px\" \/><\/div>\n\t\t<\/a>\n\t\t\t\t<div class=\"elementor-post__text\">\n\t\t\t\t<h3 class=\"elementor-post__title\">\n\t\t\t<a href=\"https:\/\/demo.antu.vn\/lightup\/giao-trinh\/ong-gia-va-bien-ca-3\/\" >\n\t\t\t\t\u00d4NG GI\u00c0 V\u00c0 BI\u1ec2N C\u1ea2\t\t\t<\/a>\n\t\t<\/h3>\n\t\t\t\t<\/div>\n\t\t\t\t<\/article>\n\t\t\t\t<article class=\"elementor-post elementor-grid-item post-728 giao-trinh type-giao-trinh status-publish has-post-thumbnail hentry\">\n\t\t\t\t<a class=\"elementor-post__thumbnail__link\" href=\"https:\/\/demo.antu.vn\/lightup\/giao-trinh\/tieu-luan-ve-nghe-thuat-an-nam-2\/\" tabindex=\"-1\" >\n\t\t\t<div class=\"elementor-post__thumbnail\"><img loading=\"lazy\" decoding=\"async\" width=\"301\" height=\"480\" src=\"https:\/\/demo.antu.vn\/lightup\/wp-content\/uploads\/2024\/03\/tieu-luan-nghe-thuat-an-nam-e1709778387454.webp\" class=\"attachment-full size-full wp-image-333\" alt=\"\" srcset=\"https:\/\/demo.antu.vn\/lightup\/wp-content\/uploads\/2024\/03\/tieu-luan-nghe-thuat-an-nam-e1709778387454.webp 301w, https:\/\/demo.antu.vn\/lightup\/wp-content\/uploads\/2024\/03\/tieu-luan-nghe-thuat-an-nam-e1709778387454-188x300.webp 188w\" sizes=\"(max-width: 301px) 100vw, 301px\" \/><\/div>\n\t\t<\/a>\n\t\t\t\t<div class=\"elementor-post__text\">\n\t\t\t\t<h3 class=\"elementor-post__title\">\n\t\t\t<a href=\"https:\/\/demo.antu.vn\/lightup\/giao-trinh\/tieu-luan-ve-nghe-thuat-an-nam-2\/\" >\n\t\t\t\tTI\u1ec2U LU\u1eacN V\u1ec0 NGH\u1ec6 THU\u1eacT AN NAM\t\t\t<\/a>\n\t\t<\/h3>\n\t\t\t\t<\/div>\n\t\t\t\t<\/article>\n\t\t\t\t<article class=\"elementor-post elementor-grid-item post-727 giao-trinh type-giao-trinh status-publish has-post-thumbnail hentry\">\n\t\t\t\t<a class=\"elementor-post__thumbnail__link\" href=\"https:\/\/demo.antu.vn\/lightup\/giao-trinh\/pho-ngu-huong-2\/\" tabindex=\"-1\" >\n\t\t\t<div class=\"elementor-post__thumbnail\"><img loading=\"lazy\" decoding=\"async\" width=\"303\" height=\"480\" src=\"https:\/\/demo.antu.vn\/lightup\/wp-content\/uploads\/2024\/03\/phonguhuonge1708260400381.webp\" class=\"attachment-full size-full wp-image-362\" alt=\"\" srcset=\"https:\/\/demo.antu.vn\/lightup\/wp-content\/uploads\/2024\/03\/phonguhuonge1708260400381.webp 303w, https:\/\/demo.antu.vn\/lightup\/wp-content\/uploads\/2024\/03\/phonguhuonge1708260400381-189x300.webp 189w\" sizes=\"(max-width: 303px) 100vw, 303px\" \/><\/div>\n\t\t<\/a>\n\t\t\t\t<div class=\"elementor-post__text\">\n\t\t\t\t<h3 class=\"elementor-post__title\">\n\t\t\t<a href=\"https:\/\/demo.antu.vn\/lightup\/giao-trinh\/pho-ngu-huong-2\/\" >\n\t\t\t\tPH\u1ed0 NG\u0168 H\u01af\u01a0NG 2\t\t\t<\/a>\n\t\t<\/h3>\n\t\t\t\t<\/div>\n\t\t\t\t<\/article>\n\t\t\t\t<article class=\"elementor-post elementor-grid-item post-729 giao-trinh type-giao-trinh status-publish has-post-thumbnail hentry\">\n\t\t\t\t<a class=\"elementor-post__thumbnail__link\" href=\"https:\/\/demo.antu.vn\/lightup\/giao-trinh\/ong-gia-va-bien-ca-2\/\" tabindex=\"-1\" >\n\t\t\t<div class=\"elementor-post__thumbnail\"><img decoding=\"async\" width=\"319\" height=\"480\" src=\"https:\/\/demo.antu.vn\/lightup\/wp-content\/uploads\/2024\/03\/onggiavabiencae1708260387922.webp\" class=\"attachment-full size-full wp-image-364\" alt=\"\" srcset=\"https:\/\/demo.antu.vn\/lightup\/wp-content\/uploads\/2024\/03\/onggiavabiencae1708260387922.webp 319w, https:\/\/demo.antu.vn\/lightup\/wp-content\/uploads\/2024\/03\/onggiavabiencae1708260387922-199x300.webp 199w\" sizes=\"(max-width: 319px) 100vw, 319px\" \/><\/div>\n\t\t<\/a>\n\t\t\t\t<div class=\"elementor-post__text\">\n\t\t\t\t<h3 class=\"elementor-post__title\">\n\t\t\t<a href=\"https:\/\/demo.antu.vn\/lightup\/giao-trinh\/ong-gia-va-bien-ca-2\/\" >\n\t\t\t\t\u00d4NG GI\u00c0 V\u00c0 BI\u1ec2N C\u1ea2\t\t\t<\/a>\n\t\t<\/h3>\n\t\t\t\t<\/div>\n\t\t\t\t<\/article>\n\t\t\t\t<article class=\"elementor-post elementor-grid-item post-363 giao-trinh type-giao-trinh status-publish has-post-thumbnail hentry\">\n\t\t\t\t<a class=\"elementor-post__thumbnail__link\" href=\"https:\/\/demo.antu.vn\/lightup\/giao-trinh\/ong-gia-va-bien-ca\/\" tabindex=\"-1\" >\n\t\t\t<div class=\"elementor-post__thumbnail\"><img decoding=\"async\" width=\"319\" height=\"480\" src=\"https:\/\/demo.antu.vn\/lightup\/wp-content\/uploads\/2024\/03\/onggiavabiencae1708260387922.webp\" class=\"attachment-full size-full wp-image-364\" alt=\"\" srcset=\"https:\/\/demo.antu.vn\/lightup\/wp-content\/uploads\/2024\/03\/onggiavabiencae1708260387922.webp 319w, https:\/\/demo.antu.vn\/lightup\/wp-content\/uploads\/2024\/03\/onggiavabiencae1708260387922-199x300.webp 199w\" sizes=\"(max-width: 319px) 100vw, 319px\" \/><\/div>\n\t\t<\/a>\n\t\t\t\t<div class=\"elementor-post__text\">\n\t\t\t\t<h3 class=\"elementor-post__title\">\n\t\t\t<a href=\"https:\/\/demo.antu.vn\/lightup\/giao-trinh\/ong-gia-va-bien-ca\/\" >\n\t\t\t\t\u00d4NG GI\u00c0 V\u00c0 BI\u1ec2N C\u1ea2\t\t\t<\/a>\n\t\t<\/h3>\n\t\t\t\t<\/div>\n\t\t\t\t<\/article>\n\t\t\t\t<article class=\"elementor-post elementor-grid-item post-360 giao-trinh type-giao-trinh status-publish has-post-thumbnail hentry\">\n\t\t\t\t<a class=\"elementor-post__thumbnail__link\" href=\"https:\/\/demo.antu.vn\/lightup\/giao-trinh\/pho-ngu-huong\/\" tabindex=\"-1\" >\n\t\t\t<div class=\"elementor-post__thumbnail\"><img loading=\"lazy\" decoding=\"async\" width=\"303\" height=\"480\" src=\"https:\/\/demo.antu.vn\/lightup\/wp-content\/uploads\/2024\/03\/phonguhuonge1708260400381.webp\" class=\"attachment-full size-full wp-image-362\" alt=\"\" srcset=\"https:\/\/demo.antu.vn\/lightup\/wp-content\/uploads\/2024\/03\/phonguhuonge1708260400381.webp 303w, https:\/\/demo.antu.vn\/lightup\/wp-content\/uploads\/2024\/03\/phonguhuonge1708260400381-189x300.webp 189w\" sizes=\"(max-width: 303px) 100vw, 303px\" \/><\/div>\n\t\t<\/a>\n\t\t\t\t<div class=\"elementor-post__text\">\n\t\t\t\t<h3 class=\"elementor-post__title\">\n\t\t\t<a href=\"https:\/\/demo.antu.vn\/lightup\/giao-trinh\/pho-ngu-huong\/\" >\n\t\t\t\tPH\u1ed0 NG\u0168 H\u01af\u01a0NG\t\t\t<\/a>\n\t\t<\/h3>\n\t\t\t\t<\/div>\n\t\t\t\t<\/article>\n\t\t\t\t<article class=\"elementor-post elementor-grid-item post-326 giao-trinh type-giao-trinh status-publish has-post-thumbnail hentry\">\n\t\t\t\t<a class=\"elementor-post__thumbnail__link\" href=\"https:\/\/demo.antu.vn\/lightup\/giao-trinh\/tieu-luan-ve-nghe-thuat-an-nam\/\" tabindex=\"-1\" >\n\t\t\t<div class=\"elementor-post__thumbnail\"><img loading=\"lazy\" decoding=\"async\" width=\"301\" height=\"480\" src=\"https:\/\/demo.antu.vn\/lightup\/wp-content\/uploads\/2024\/03\/tieu-luan-nghe-thuat-an-nam-e1709778387454.webp\" class=\"attachment-full size-full wp-image-333\" alt=\"\" srcset=\"https:\/\/demo.antu.vn\/lightup\/wp-content\/uploads\/2024\/03\/tieu-luan-nghe-thuat-an-nam-e1709778387454.webp 301w, https:\/\/demo.antu.vn\/lightup\/wp-content\/uploads\/2024\/03\/tieu-luan-nghe-thuat-an-nam-e1709778387454-188x300.webp 188w\" sizes=\"(max-width: 301px) 100vw, 301px\" \/><\/div>\n\t\t<\/a>\n\t\t\t\t<div class=\"elementor-post__text\">\n\t\t\t\t<h3 class=\"elementor-post__title\">\n\t\t\t<a href=\"https:\/\/demo.antu.vn\/lightup\/giao-trinh\/tieu-luan-ve-nghe-thuat-an-nam\/\" >\n\t\t\t\tTI\u1ec2U LU\u1eacN V\u1ec0 NGH\u1ec6 THU\u1eacT AN NAM\t\t\t<\/a>\n\t\t<\/h3>\n\t\t\t\t<\/div>\n\t\t\t\t<\/article>\n\t\t\t\t<\/div>\n\t\t\n\t\t\t\t<\/div>\n\t\t\t\t<\/div>\n\t\t\t\t<div class=\"elementor-element elementor-element-16f67d3 elementor-widget elementor-widget-text-editor\" data-id=\"16f67d3\" data-element_type=\"widget\" data-widget_type=\"text-editor.default\">\n\t\t\t\t<div class=\"elementor-widget-container\">\n\t\t\t\t\t\t\t<h2 style=\"text-align: center;\">Tr\u1ecdn b\u1ed9 flash card Light Up<\/h2><p style=\"text-align: center;\"><span style=\"color: #000000;\">Trang b\u1ecb cho h\u1ecdc vi\u00ean n\u1ec1n t\u1ea3ng Anh ng\u1eef v\u1eefng ch\u1eafc, th\u1ebf gi\u1edbi quan r\u1ed9ng m\u1edf, ni\u1ec1m say m\u00ea<\/span><br \/><span style=\"color: #000000;\">h\u1ecdc h\u1ecfi kh\u00f4ng ng\u1eebng v\u00e0 s\u1eb5n s\u00e0ng kh\u01a1i m\u1edf nh\u1eefng gi\u00e1 tr\u1ecb to\u00e0n c\u1ea7u ngay t\u1eeb b\u01b0\u1edbc kh\u1edfi \u0111\u1ea7u.<\/span><\/p>\t\t\t\t\t\t<\/div>\n\t\t\t\t<\/div>\n\t\t\t\t<div class=\"elementor-element elementor-element-9344ab2 elementor-grid-5 elementor-grid-mobile-2 elementor-posts--align-center elementor-grid-tablet-2 elementor-posts--thumbnail-top elementor-widget elementor-widget-posts\" data-id=\"9344ab2\" data-element_type=\"widget\" data-settings=\"{&quot;classic_columns&quot;:&quot;5&quot;,&quot;classic_columns_mobile&quot;:&quot;2&quot;,&quot;classic_columns_tablet&quot;:&quot;2&quot;,&quot;classic_row_gap&quot;:{&quot;unit&quot;:&quot;px&quot;,&quot;size&quot;:35,&quot;sizes&quot;:[]},&quot;classic_row_gap_tablet&quot;:{&quot;unit&quot;:&quot;px&quot;,&quot;size&quot;:&quot;&quot;,&quot;sizes&quot;:[]},&quot;classic_row_gap_mobile&quot;:{&quot;unit&quot;:&quot;px&quot;,&quot;size&quot;:&quot;&quot;,&quot;sizes&quot;:[]}}\" data-widget_type=\"posts.classic\">\n\t\t\t\t<div class=\"elementor-widget-container\">\n\t\t\t\t\t<div class=\"elementor-posts-container elementor-posts elementor-posts--skin-classic elementor-grid\">\n\t\t\t\t<article class=\"elementor-post elementor-grid-item post-1222 flash-card type-flash-card status-publish has-post-thumbnail hentry\">\n\t\t\t\t<a class=\"elementor-post__thumbnail__link\" href=\"https:\/\/demo.antu.vn\/lightup\/flash-card\/flash-card-tieng-anh-lop-1-5\/\" tabindex=\"-1\" >\n\t\t\t<div class=\"elementor-post__thumbnail\"><img loading=\"lazy\" decoding=\"async\" width=\"750\" height=\"750\" src=\"https:\/\/demo.antu.vn\/lightup\/wp-content\/uploads\/2024\/03\/flc.webp\" class=\"attachment-full size-full wp-image-1221\" alt=\"\" srcset=\"https:\/\/demo.antu.vn\/lightup\/wp-content\/uploads\/2024\/03\/flc.webp 750w, https:\/\/demo.antu.vn\/lightup\/wp-content\/uploads\/2024\/03\/flc-300x300.webp 300w, https:\/\/demo.antu.vn\/lightup\/wp-content\/uploads\/2024\/03\/flc-150x150.webp 150w\" sizes=\"(max-width: 750px) 100vw, 750px\" \/><\/div>\n\t\t<\/a>\n\t\t\t\t<div class=\"elementor-post__text\">\n\t\t\t\t<h3 class=\"elementor-post__title\">\n\t\t\t<a href=\"https:\/\/demo.antu.vn\/lightup\/flash-card\/flash-card-tieng-anh-lop-1-5\/\" >\n\t\t\t\tFlash Card Ti\u1ebfng anh l\u1edbp 1\t\t\t<\/a>\n\t\t<\/h3>\n\t\t\t\t<\/div>\n\t\t\t\t<\/article>\n\t\t\t\t<article class=\"elementor-post elementor-grid-item post-1224 flash-card type-flash-card status-publish has-post-thumbnail hentry\">\n\t\t\t\t<a class=\"elementor-post__thumbnail__link\" href=\"https:\/\/demo.antu.vn\/lightup\/flash-card\/flash-card-tieng-anh-lop-1-4\/\" tabindex=\"-1\" >\n\t\t\t<div class=\"elementor-post__thumbnail\"><img loading=\"lazy\" decoding=\"async\" width=\"750\" height=\"750\" src=\"https:\/\/demo.antu.vn\/lightup\/wp-content\/uploads\/2024\/03\/flc.webp\" class=\"attachment-full size-full wp-image-1221\" alt=\"\" srcset=\"https:\/\/demo.antu.vn\/lightup\/wp-content\/uploads\/2024\/03\/flc.webp 750w, https:\/\/demo.antu.vn\/lightup\/wp-content\/uploads\/2024\/03\/flc-300x300.webp 300w, https:\/\/demo.antu.vn\/lightup\/wp-content\/uploads\/2024\/03\/flc-150x150.webp 150w\" sizes=\"(max-width: 750px) 100vw, 750px\" \/><\/div>\n\t\t<\/a>\n\t\t\t\t<div class=\"elementor-post__text\">\n\t\t\t\t<h3 class=\"elementor-post__title\">\n\t\t\t<a href=\"https:\/\/demo.antu.vn\/lightup\/flash-card\/flash-card-tieng-anh-lop-1-4\/\" >\n\t\t\t\tFlash Card Ti\u1ebfng anh l\u1edbp 1\t\t\t<\/a>\n\t\t<\/h3>\n\t\t\t\t<\/div>\n\t\t\t\t<\/article>\n\t\t\t\t<article class=\"elementor-post elementor-grid-item post-1225 flash-card type-flash-card status-publish has-post-thumbnail hentry\">\n\t\t\t\t<a class=\"elementor-post__thumbnail__link\" href=\"https:\/\/demo.antu.vn\/lightup\/flash-card\/flash-card-tieng-anh-lop-1-3\/\" tabindex=\"-1\" >\n\t\t\t<div class=\"elementor-post__thumbnail\"><img loading=\"lazy\" decoding=\"async\" width=\"750\" height=\"750\" src=\"https:\/\/demo.antu.vn\/lightup\/wp-content\/uploads\/2024\/03\/flc.webp\" class=\"attachment-full size-full wp-image-1221\" alt=\"\" srcset=\"https:\/\/demo.antu.vn\/lightup\/wp-content\/uploads\/2024\/03\/flc.webp 750w, https:\/\/demo.antu.vn\/lightup\/wp-content\/uploads\/2024\/03\/flc-300x300.webp 300w, https:\/\/demo.antu.vn\/lightup\/wp-content\/uploads\/2024\/03\/flc-150x150.webp 150w\" sizes=\"(max-width: 750px) 100vw, 750px\" \/><\/div>\n\t\t<\/a>\n\t\t\t\t<div class=\"elementor-post__text\">\n\t\t\t\t<h3 class=\"elementor-post__title\">\n\t\t\t<a href=\"https:\/\/demo.antu.vn\/lightup\/flash-card\/flash-card-tieng-anh-lop-1-3\/\" >\n\t\t\t\tFlash Card Ti\u1ebfng anh l\u1edbp 1\t\t\t<\/a>\n\t\t<\/h3>\n\t\t\t\t<\/div>\n\t\t\t\t<\/article>\n\t\t\t\t<article class=\"elementor-post elementor-grid-item post-1226 flash-card type-flash-card status-publish has-post-thumbnail hentry\">\n\t\t\t\t<a class=\"elementor-post__thumbnail__link\" href=\"https:\/\/demo.antu.vn\/lightup\/flash-card\/flash-card-tieng-anh-lop-1-2\/\" tabindex=\"-1\" >\n\t\t\t<div class=\"elementor-post__thumbnail\"><img loading=\"lazy\" decoding=\"async\" width=\"750\" height=\"750\" src=\"https:\/\/demo.antu.vn\/lightup\/wp-content\/uploads\/2024\/03\/flc.webp\" class=\"attachment-full size-full wp-image-1221\" alt=\"\" srcset=\"https:\/\/demo.antu.vn\/lightup\/wp-content\/uploads\/2024\/03\/flc.webp 750w, https:\/\/demo.antu.vn\/lightup\/wp-content\/uploads\/2024\/03\/flc-300x300.webp 300w, https:\/\/demo.antu.vn\/lightup\/wp-content\/uploads\/2024\/03\/flc-150x150.webp 150w\" sizes=\"(max-width: 750px) 100vw, 750px\" \/><\/div>\n\t\t<\/a>\n\t\t\t\t<div class=\"elementor-post__text\">\n\t\t\t\t<h3 class=\"elementor-post__title\">\n\t\t\t<a href=\"https:\/\/demo.antu.vn\/lightup\/flash-card\/flash-card-tieng-anh-lop-1-2\/\" >\n\t\t\t\tFlash Card Ti\u1ebfng anh l\u1edbp 1\t\t\t<\/a>\n\t\t<\/h3>\n\t\t\t\t<\/div>\n\t\t\t\t<\/article>\n\t\t\t\t<article class=\"elementor-post elementor-grid-item post-1214 flash-card type-flash-card status-publish has-post-thumbnail hentry\">\n\t\t\t\t<a class=\"elementor-post__thumbnail__link\" href=\"https:\/\/demo.antu.vn\/lightup\/flash-card\/flash-card-tieng-anh-lop-1\/\" tabindex=\"-1\" >\n\t\t\t<div class=\"elementor-post__thumbnail\"><img loading=\"lazy\" decoding=\"async\" width=\"750\" height=\"750\" src=\"https:\/\/demo.antu.vn\/lightup\/wp-content\/uploads\/2024\/03\/flc.webp\" class=\"attachment-full size-full wp-image-1221\" alt=\"\" srcset=\"https:\/\/demo.antu.vn\/lightup\/wp-content\/uploads\/2024\/03\/flc.webp 750w, https:\/\/demo.antu.vn\/lightup\/wp-content\/uploads\/2024\/03\/flc-300x300.webp 300w, https:\/\/demo.antu.vn\/lightup\/wp-content\/uploads\/2024\/03\/flc-150x150.webp 150w\" sizes=\"(max-width: 750px) 100vw, 750px\" \/><\/div>\n\t\t<\/a>\n\t\t\t\t<div class=\"elementor-post__text\">\n\t\t\t\t<h3 class=\"elementor-post__title\">\n\t\t\t<a href=\"https:\/\/demo.antu.vn\/lightup\/flash-card\/flash-card-tieng-anh-lop-1\/\" >\n\t\t\t\tFlash Card Ti\u1ebfng anh l\u1edbp 1\t\t\t<\/a>\n\t\t<\/h3>\n\t\t\t\t<\/div>\n\t\t\t\t<\/article>\n\t\t\t\t<\/div>\n\t\t\n\t\t\t\t<\/div>\n\t\t\t\t<\/div>\n\t\t\t\t\t<\/div>\n\t\t<\/div>\n\t\t\t\t\t<\/div>\n\t\t<\/section>\n\t\t\t\t<\/div>\n\t\t","protected":false},"excerpt":{"rendered":"<p>Tr\u1ecdn b\u1ed9 gi\u00e1o tr\u00ecnh Light Up Trang b\u1ecb cho h\u1ecdc vi\u00ean n\u1ec1n t\u1ea3ng Anh ng\u1eef v\u1eefng ch\u1eafc, th\u1ebf gi\u1edbi quan r\u1ed9ng m\u1edf, ni\u1ec1m say m\u00eah\u1ecdc<\/p>\n","protected":false},"author":1,"featured_media":0,"parent":0,"menu_order":0,"comment_status":"closed","ping_status":"closed","template":"elementor_header_footer","meta":{"_acf_changed":false,"footnotes":""},"class_list":["post-755","page","type-page","status-publish","hentry"],"acf":[],"_links":{"self":[{"href":"https:\/\/demo.antu.vn\/lightup\/wp-json\/wp\/v2\/pages\/755","targetHints":{"allow":["GET"]}}],"collection":[{"href":"https:\/\/demo.antu.vn\/lightup\/wp-json\/wp\/v2\/pages"}],"about":[{"href":"https:\/\/demo.antu.vn\/lightup\/wp-json\/wp\/v2\/types\/page"}],"author":[{"embeddable":true,"href":"https:\/\/demo.antu.vn\/lightup\/wp-json\/wp\/v2\/users\/1"}],"replies":[{"embeddable":true,"href":"https:\/\/demo.antu.vn\/lightup\/wp-json\/wp\/v2\/comments?post=755"}],"version-history":[{"count":40,"href":"https:\/\/demo.antu.vn\/lightup\/wp-json\/wp\/v2\/pages\/755\/revisions"}],"predecessor-version":[{"id":1236,"href":"https:\/\/demo.antu.vn\/lightup\/wp-json\/wp\/v2\/pages\/755\/revisions\/1236"}],"wp:attachment":[{"href":"https:\/\/demo.antu.vn\/lightup\/wp-json\/wp\/v2\/media?parent=755"}],"curies":[{"name":"wp","href":"https:\/\/api.w.org\/{rel}","templated":true}]}}