{"id":1937,"date":"2024-04-15T07:31:21","date_gmt":"2024-04-15T07:31:21","guid":{"rendered":"https:\/\/demo.antu.vn\/lightup\/?page_id=1937"},"modified":"2024-04-15T07:32:31","modified_gmt":"2024-04-15T07:32:31","slug":"5-skills-series-7-groups-5-ky-nang","status":"publish","type":"page","link":"https:\/\/demo.antu.vn\/lightup\/5-skills-series-7-groups-5-ky-nang\/","title":{"rendered":"5 skills: series 7 groups\/5 k\u1ef9 n\u0103ng"},"content":{"rendered":"\t\t<div data-elementor-type=\"wp-page\" data-elementor-id=\"1937\" class=\"elementor elementor-1937\" data-elementor-post-type=\"page\">\n\t\t\t\t\t\t<section class=\"elementor-section elementor-top-section elementor-element elementor-element-75aac9c elementor-section-boxed elementor-section-height-default elementor-section-height-default elementor-invisible\" data-id=\"75aac9c\" data-element_type=\"section\" data-settings=\"{&quot;background_background&quot;:&quot;classic&quot;,&quot;animation&quot;:&quot;fadeIn&quot;}\">\n\t\t\t\t\t\t<div class=\"elementor-container elementor-column-gap-default\">\n\t\t\t\t\t<div class=\"elementor-column elementor-col-100 elementor-top-column elementor-element elementor-element-7292643\" data-id=\"7292643\" data-element_type=\"column\">\n\t\t\t<div class=\"elementor-widget-wrap elementor-element-populated\">\n\t\t\t\t\t\t<div class=\"elementor-element elementor-element-505670a elementor-widget elementor-widget-text-editor\" data-id=\"505670a\" data-element_type=\"widget\" data-widget_type=\"text-editor.default\">\n\t\t\t\t<div class=\"elementor-widget-container\">\n\t\t\t<style>\/*! elementor - v3.19.0 - 28-02-2024 *\/\n.elementor-widget-text-editor.elementor-drop-cap-view-stacked .elementor-drop-cap{background-color:#69727d;color:#fff}.elementor-widget-text-editor.elementor-drop-cap-view-framed .elementor-drop-cap{color:#69727d;border:3px solid;background-color:transparent}.elementor-widget-text-editor:not(.elementor-drop-cap-view-default) .elementor-drop-cap{margin-top:8px}.elementor-widget-text-editor:not(.elementor-drop-cap-view-default) .elementor-drop-cap-letter{width:1em;height:1em}.elementor-widget-text-editor .elementor-drop-cap{float:left;text-align:center;line-height:1;font-size:50px}.elementor-widget-text-editor .elementor-drop-cap-letter{display:inline-block}<\/style>\t\t\t\t<h2 style=\"text-align: center;\"><span style=\"color: #043c5a;\">Gi\u1edbi Thi\u1ec7u 5 Skills<\/span><\/h2><p style=\"text-align: center;\">Ch\u01b0\u01a1ng tr\u00ecnh d\u1ea1y ti\u1ebfng Anh cho h\u1ecdc sinh \u0111\u01b0\u1ee3c \u0111\u00e1nh gi\u00e1 cao b\u1edfi h\u1ecdc sinh, ph\u1ee5 huynh v\u00e0 c\u00e1c chuy\u00ean gia gi\u00e1o d\u1ee5c.<\/p>\t\t\t\t\t\t<\/div>\n\t\t\t\t<\/div>\n\t\t\t\t<section class=\"elementor-section elementor-inner-section elementor-element elementor-element-6d946f2 elementor-section-boxed elementor-section-height-default elementor-section-height-default\" data-id=\"6d946f2\" data-element_type=\"section\">\n\t\t\t\t\t\t<div class=\"elementor-container elementor-column-gap-default\">\n\t\t\t\t\t<div class=\"elementor-column elementor-col-33 elementor-inner-column elementor-element elementor-element-7d36f17\" data-id=\"7d36f17\" data-element_type=\"column\">\n\t\t\t<div class=\"elementor-widget-wrap elementor-element-populated\">\n\t\t\t\t\t\t<div class=\"elementor-element elementor-element-1654d20 elementor-widget elementor-widget-video\" data-id=\"1654d20\" data-element_type=\"widget\" data-settings=\"{&quot;youtube_url&quot;:&quot;https:\\\/\\\/www.youtube.com\\\/watch?v=XHOmBV4js_E&quot;,&quot;video_type&quot;:&quot;youtube&quot;,&quot;controls&quot;:&quot;yes&quot;}\" data-widget_type=\"video.default\">\n\t\t\t\t<div class=\"elementor-widget-container\">\n\t\t\t<style>\/*! elementor - v3.19.0 - 28-02-2024 *\/\n.elementor-widget-video .elementor-widget-container{overflow:hidden;transform:translateZ(0)}.elementor-widget-video .elementor-wrapper{aspect-ratio:var(--video-aspect-ratio)}.elementor-widget-video .elementor-wrapper iframe,.elementor-widget-video .elementor-wrapper video{height:100%;width:100%;display:flex;border:none;background-color:#000}@supports not (aspect-ratio:1\/1){.elementor-widget-video .elementor-wrapper{position:relative;overflow:hidden;height:0;padding-bottom:calc(100% \/ var(--video-aspect-ratio))}.elementor-widget-video .elementor-wrapper iframe,.elementor-widget-video .elementor-wrapper video{position:absolute;top:0;right:0;bottom:0;left:0}}.elementor-widget-video .elementor-open-inline .elementor-custom-embed-image-overlay{position:absolute;top:0;right:0;bottom:0;left:0;background-size:cover;background-position:50%}.elementor-widget-video .elementor-custom-embed-image-overlay{cursor:pointer;text-align:center}.elementor-widget-video .elementor-custom-embed-image-overlay:hover .elementor-custom-embed-play i{opacity:1}.elementor-widget-video .elementor-custom-embed-image-overlay img{display:block;width:100%;aspect-ratio:var(--video-aspect-ratio);-o-object-fit:cover;object-fit:cover;-o-object-position:center center;object-position:center center}@supports not (aspect-ratio:1\/1){.elementor-widget-video .elementor-custom-embed-image-overlay{position:relative;overflow:hidden;height:0;padding-bottom:calc(100% \/ var(--video-aspect-ratio))}.elementor-widget-video .elementor-custom-embed-image-overlay img{position:absolute;top:0;right:0;bottom:0;left:0}}.elementor-widget-video .e-hosted-video .elementor-video{-o-object-fit:cover;object-fit:cover}.e-con-inner>.elementor-widget-video,.e-con>.elementor-widget-video{width:var(--container-widget-width);--flex-grow:var(--container-widget-flex-grow)}<\/style>\t\t<div class=\"elementor-wrapper elementor-open-inline\">\n\t\t\t<div class=\"elementor-video\"><\/div>\t\t<\/div>\n\t\t\t\t<\/div>\n\t\t\t\t<\/div>\n\t\t\t\t<div class=\"elementor-element elementor-element-eac33b0 elementor-widget elementor-widget-text-editor\" data-id=\"eac33b0\" data-element_type=\"widget\" data-widget_type=\"text-editor.default\">\n\t\t\t\t<div class=\"elementor-widget-container\">\n\t\t\t\t\t\t\t<p style=\"text-align: center;\">Lorem ipsum dolor sit amet<\/p>\t\t\t\t\t\t<\/div>\n\t\t\t\t<\/div>\n\t\t\t\t\t<\/div>\n\t\t<\/div>\n\t\t\t\t<div class=\"elementor-column elementor-col-33 elementor-inner-column elementor-element elementor-element-e45c063\" data-id=\"e45c063\" data-element_type=\"column\">\n\t\t\t<div class=\"elementor-widget-wrap elementor-element-populated\">\n\t\t\t\t\t\t<div class=\"elementor-element elementor-element-8257571 elementor-widget elementor-widget-video\" data-id=\"8257571\" data-element_type=\"widget\" data-settings=\"{&quot;youtube_url&quot;:&quot;https:\\\/\\\/www.youtube.com\\\/watch?v=XHOmBV4js_E&quot;,&quot;video_type&quot;:&quot;youtube&quot;,&quot;controls&quot;:&quot;yes&quot;}\" data-widget_type=\"video.default\">\n\t\t\t\t<div class=\"elementor-widget-container\">\n\t\t\t\t\t<div class=\"elementor-wrapper elementor-open-inline\">\n\t\t\t<div class=\"elementor-video\"><\/div>\t\t<\/div>\n\t\t\t\t<\/div>\n\t\t\t\t<\/div>\n\t\t\t\t<div class=\"elementor-element elementor-element-bca037b elementor-widget elementor-widget-text-editor\" data-id=\"bca037b\" data-element_type=\"widget\" data-widget_type=\"text-editor.default\">\n\t\t\t\t<div class=\"elementor-widget-container\">\n\t\t\t\t\t\t\t<p style=\"text-align: center;\">Lorem ipsum dolor sit amet<\/p>\t\t\t\t\t\t<\/div>\n\t\t\t\t<\/div>\n\t\t\t\t\t<\/div>\n\t\t<\/div>\n\t\t\t\t<div class=\"elementor-column elementor-col-33 elementor-inner-column elementor-element elementor-element-c167fff\" data-id=\"c167fff\" data-element_type=\"column\">\n\t\t\t<div class=\"elementor-widget-wrap elementor-element-populated\">\n\t\t\t\t\t\t<div class=\"elementor-element elementor-element-2bfefaa elementor-widget elementor-widget-video\" data-id=\"2bfefaa\" data-element_type=\"widget\" data-settings=\"{&quot;youtube_url&quot;:&quot;https:\\\/\\\/www.youtube.com\\\/watch?v=XHOmBV4js_E&quot;,&quot;video_type&quot;:&quot;youtube&quot;,&quot;controls&quot;:&quot;yes&quot;}\" data-widget_type=\"video.default\">\n\t\t\t\t<div class=\"elementor-widget-container\">\n\t\t\t\t\t<div class=\"elementor-wrapper elementor-open-inline\">\n\t\t\t<div class=\"elementor-video\"><\/div>\t\t<\/div>\n\t\t\t\t<\/div>\n\t\t\t\t<\/div>\n\t\t\t\t<div class=\"elementor-element elementor-element-f12a663 elementor-widget elementor-widget-text-editor\" data-id=\"f12a663\" data-element_type=\"widget\" data-widget_type=\"text-editor.default\">\n\t\t\t\t<div class=\"elementor-widget-container\">\n\t\t\t\t\t\t\t<p style=\"text-align: center;\">Lorem ipsum dolor sit amet<\/p>\t\t\t\t\t\t<\/div>\n\t\t\t\t<\/div>\n\t\t\t\t\t<\/div>\n\t\t<\/div>\n\t\t\t\t\t<\/div>\n\t\t<\/section>\n\t\t\t\t<section class=\"elementor-section elementor-inner-section elementor-element elementor-element-a2a7734 elementor-section-boxed elementor-section-height-default elementor-section-height-default\" data-id=\"a2a7734\" data-element_type=\"section\">\n\t\t\t\t\t\t<div class=\"elementor-container elementor-column-gap-default\">\n\t\t\t\t\t<div class=\"elementor-column elementor-col-33 elementor-inner-column elementor-element elementor-element-4f9d5c3\" data-id=\"4f9d5c3\" data-element_type=\"column\">\n\t\t\t<div class=\"elementor-widget-wrap elementor-element-populated\">\n\t\t\t\t\t\t<div class=\"elementor-element elementor-element-4c7e1d4 elementor-widget elementor-widget-video\" data-id=\"4c7e1d4\" data-element_type=\"widget\" data-settings=\"{&quot;youtube_url&quot;:&quot;https:\\\/\\\/www.youtube.com\\\/watch?v=XHOmBV4js_E&quot;,&quot;video_type&quot;:&quot;youtube&quot;,&quot;controls&quot;:&quot;yes&quot;}\" data-widget_type=\"video.default\">\n\t\t\t\t<div class=\"elementor-widget-container\">\n\t\t\t\t\t<div class=\"elementor-wrapper elementor-open-inline\">\n\t\t\t<div class=\"elementor-video\"><\/div>\t\t<\/div>\n\t\t\t\t<\/div>\n\t\t\t\t<\/div>\n\t\t\t\t<div class=\"elementor-element elementor-element-a3f4b34 elementor-widget elementor-widget-text-editor\" data-id=\"a3f4b34\" data-element_type=\"widget\" data-widget_type=\"text-editor.default\">\n\t\t\t\t<div class=\"elementor-widget-container\">\n\t\t\t\t\t\t\t<p style=\"text-align: center;\">Lorem ipsum dolor sit amet<\/p>\t\t\t\t\t\t<\/div>\n\t\t\t\t<\/div>\n\t\t\t\t\t<\/div>\n\t\t<\/div>\n\t\t\t\t<div class=\"elementor-column elementor-col-33 elementor-inner-column elementor-element elementor-element-7f77032\" data-id=\"7f77032\" data-element_type=\"column\">\n\t\t\t<div class=\"elementor-widget-wrap elementor-element-populated\">\n\t\t\t\t\t\t<div class=\"elementor-element elementor-element-87fc58b elementor-widget elementor-widget-video\" data-id=\"87fc58b\" data-element_type=\"widget\" data-settings=\"{&quot;youtube_url&quot;:&quot;https:\\\/\\\/www.youtube.com\\\/watch?v=XHOmBV4js_E&quot;,&quot;video_type&quot;:&quot;youtube&quot;,&quot;controls&quot;:&quot;yes&quot;}\" data-widget_type=\"video.default\">\n\t\t\t\t<div class=\"elementor-widget-container\">\n\t\t\t\t\t<div class=\"elementor-wrapper elementor-open-inline\">\n\t\t\t<div class=\"elementor-video\"><\/div>\t\t<\/div>\n\t\t\t\t<\/div>\n\t\t\t\t<\/div>\n\t\t\t\t<div class=\"elementor-element elementor-element-c4b04c7 elementor-widget elementor-widget-text-editor\" data-id=\"c4b04c7\" data-element_type=\"widget\" data-widget_type=\"text-editor.default\">\n\t\t\t\t<div class=\"elementor-widget-container\">\n\t\t\t\t\t\t\t<p style=\"text-align: center;\">Lorem ipsum dolor sit amet<\/p>\t\t\t\t\t\t<\/div>\n\t\t\t\t<\/div>\n\t\t\t\t\t<\/div>\n\t\t<\/div>\n\t\t\t\t<div class=\"elementor-column elementor-col-33 elementor-inner-column elementor-element elementor-element-9efbc7b\" data-id=\"9efbc7b\" data-element_type=\"column\">\n\t\t\t<div class=\"elementor-widget-wrap elementor-element-populated\">\n\t\t\t\t\t\t<div class=\"elementor-element elementor-element-db34770 elementor-widget elementor-widget-video\" data-id=\"db34770\" data-element_type=\"widget\" data-settings=\"{&quot;youtube_url&quot;:&quot;https:\\\/\\\/www.youtube.com\\\/watch?v=XHOmBV4js_E&quot;,&quot;video_type&quot;:&quot;youtube&quot;,&quot;controls&quot;:&quot;yes&quot;}\" data-widget_type=\"video.default\">\n\t\t\t\t<div class=\"elementor-widget-container\">\n\t\t\t\t\t<div class=\"elementor-wrapper elementor-open-inline\">\n\t\t\t<div class=\"elementor-video\"><\/div>\t\t<\/div>\n\t\t\t\t<\/div>\n\t\t\t\t<\/div>\n\t\t\t\t<div class=\"elementor-element elementor-element-838a658 elementor-widget elementor-widget-text-editor\" data-id=\"838a658\" data-element_type=\"widget\" data-widget_type=\"text-editor.default\">\n\t\t\t\t<div class=\"elementor-widget-container\">\n\t\t\t\t\t\t\t<p style=\"text-align: center;\">Lorem ipsum dolor sit amet<\/p>\t\t\t\t\t\t<\/div>\n\t\t\t\t<\/div>\n\t\t\t\t\t<\/div>\n\t\t<\/div>\n\t\t\t\t\t<\/div>\n\t\t<\/section>\n\t\t\t\t\t<\/div>\n\t\t<\/div>\n\t\t\t\t\t<\/div>\n\t\t<\/section>\n\t\t\t\t<section class=\"elementor-section elementor-top-section elementor-element elementor-element-f943e29 elementor-section-boxed elementor-section-height-default elementor-section-height-default\" data-id=\"f943e29\" data-element_type=\"section\">\n\t\t\t\t\t\t<div class=\"elementor-container elementor-column-gap-default\">\n\t\t\t\t\t<div class=\"elementor-column elementor-col-100 elementor-top-column elementor-element elementor-element-e3dbf48\" data-id=\"e3dbf48\" data-element_type=\"column\">\n\t\t\t<div class=\"elementor-widget-wrap elementor-element-populated\">\n\t\t\t\t\t\t<div class=\"elementor-element elementor-element-b9f12b4 elementor-widget elementor-widget-text-editor\" data-id=\"b9f12b4\" data-element_type=\"widget\" data-widget_type=\"text-editor.default\">\n\t\t\t\t<div class=\"elementor-widget-container\">\n\t\t\t\t\t\t\t<h2 style=\"text-align: center;\">T\u00ecm Hi\u1ec3u 5 Skills<\/h2>\t\t\t\t\t\t<\/div>\n\t\t\t\t<\/div>\n\t\t\t\t<div class=\"elementor-element elementor-element-300648d elementor-grid-3 elementor-grid-tablet-2 elementor-grid-mobile-1 elementor-posts--thumbnail-top elementor-widget elementor-widget-posts\" data-id=\"300648d\" data-element_type=\"widget\" data-settings=\"{&quot;pagination_type&quot;:&quot;numbers&quot;,&quot;classic_columns&quot;:&quot;3&quot;,&quot;classic_columns_tablet&quot;:&quot;2&quot;,&quot;classic_columns_mobile&quot;:&quot;1&quot;,&quot;classic_row_gap&quot;:{&quot;unit&quot;:&quot;px&quot;,&quot;size&quot;:35,&quot;sizes&quot;:[]},&quot;classic_row_gap_tablet&quot;:{&quot;unit&quot;:&quot;px&quot;,&quot;size&quot;:&quot;&quot;,&quot;sizes&quot;:[]},&quot;classic_row_gap_mobile&quot;:{&quot;unit&quot;:&quot;px&quot;,&quot;size&quot;:&quot;&quot;,&quot;sizes&quot;:[]}}\" data-widget_type=\"posts.classic\">\n\t\t\t\t<div class=\"elementor-widget-container\">\n\t\t\t<link rel=\"stylesheet\" href=\"https:\/\/demo.antu.vn\/lightup\/wp-content\/plugins\/elementor-pro\/assets\/css\/widget-posts.min.css\">\t\t<div class=\"elementor-posts-container elementor-posts elementor-posts--skin-classic elementor-grid\">\n\t\t\t\t<article class=\"elementor-post elementor-grid-item post-1946 five-skills type-five-skills status-publish has-post-thumbnail hentry\">\n\t\t\t\t<a class=\"elementor-post__thumbnail__link\" href=\"https:\/\/demo.antu.vn\/lightup\/five-skills\/con-khong-hung-thu-hoc-phai-lam-sao\/\" tabindex=\"-1\" >\n\t\t\t<div class=\"elementor-post__thumbnail\"><img fetchpriority=\"high\" decoding=\"async\" width=\"300\" height=\"300\" src=\"https:\/\/demo.antu.vn\/lightup\/wp-content\/uploads\/2024\/03\/Study-Abroad-Instagram-Post-300x300.webp\" class=\"attachment-medium size-medium wp-image-1064\" alt=\"\" srcset=\"https:\/\/demo.antu.vn\/lightup\/wp-content\/uploads\/2024\/03\/Study-Abroad-Instagram-Post-300x300.webp 300w, https:\/\/demo.antu.vn\/lightup\/wp-content\/uploads\/2024\/03\/Study-Abroad-Instagram-Post-1024x1024.webp 1024w, https:\/\/demo.antu.vn\/lightup\/wp-content\/uploads\/2024\/03\/Study-Abroad-Instagram-Post-150x150.webp 150w, https:\/\/demo.antu.vn\/lightup\/wp-content\/uploads\/2024\/03\/Study-Abroad-Instagram-Post-768x768.webp 768w, https:\/\/demo.antu.vn\/lightup\/wp-content\/uploads\/2024\/03\/Study-Abroad-Instagram-Post.webp 1080w\" sizes=\"(max-width: 300px) 100vw, 300px\" \/><\/div>\n\t\t<\/a>\n\t\t\t\t<div class=\"elementor-post__text\">\n\t\t\t\t<h4 class=\"elementor-post__title\">\n\t\t\t<a href=\"https:\/\/demo.antu.vn\/lightup\/five-skills\/con-khong-hung-thu-hoc-phai-lam-sao\/\" >\n\t\t\t\tCon Kh\u00f4ng H\u1ee9ng Th\u00fa H\u1ecdc \u2013 Ph\u1ea3i L\u00e0m Sao?\t\t\t<\/a>\n\t\t<\/h4>\n\t\t\t\t<div class=\"elementor-post__meta-data\">\n\t\t\t\t\t<span class=\"elementor-post-date\">\n\t\t\t15 Th\u00e1ng 4, 2024\t\t<\/span>\n\t\t\t\t<\/div>\n\t\t\t\t<div class=\"elementor-post__excerpt\">\n\t\t\t<p>T\u00ecm Hi\u1ec3u S\u1edf Th\u00edch C\u1ee7a Con M\u1ed7i \u0111\u1ee9a tr\u1ebb \u0111\u1ec1u c\u00f3 nh\u1eefng s\u1edf th\u00edch ri\u00eang. T\u00ecm hi\u1ec3u v\u00e0 th\u1ea5u hi\u1ec3u nh\u1eefng g\u00ec con y\u00eau th\u00edch, sau \u0111\u00f3 k\u1ebft n\u1ed1i n\u00f3 v\u1edbi h\u1ecdc t\u1eadp. V\u00ed d\u1ee5, n\u1ebfu con th\u00edch \u0111\u1ed9ng v\u1eadt, b\u1ea1n c\u00f3 th\u1ec3 ch\u1ecdn s\u00e1ch v\u1ec1 \u0111\u1ed9ng v\u1eadt ho\u1eb7c th\u1ea3o lu\u1eadn v\u1ec1 c\u00e1c lo\u00e0i \u0111\u1ed9ng v\u1eadt trong b\u00e0i h\u1ecdc. T\u1ea1o M\u00f4i Tr\u01b0\u1eddng H\u1ecdc T\u1eadp Th\u00fa V\u1ecb T\u1ea1o ra m\u1ed9t m\u00f4i tr\u01b0\u1eddng h\u1ecdc t\u1eadp h\u1ea5p d\u1eabn v\u00e0 tho\u1ea3i m\u00e1i cho con. S\u1eafp x\u1ebfp g\u00f3c h\u1ecdc ri\u00eang cho con, trang b\u1ecb s\u00e1ch, b\u1ea3ng v\u1ebd, \u0111\u1ed3 ch\u01a1i gi\u00e1o d\u1ee5c v\u00e0 c\u00e1c t\u00e0i li\u1ec7u th\u00fa v\u1ecb. M\u1ed9t m\u00f4i tr\u01b0\u1eddng h\u1ecdc t\u1eadp t\u1ed1t c\u00f3 th\u1ec3 k\u00edch th\u00edch s\u1ef1 s\u00e1ng t\u1ea1o v\u00e0 t\u00f2 m\u00f2 c\u1ee7a con. \u00c1p D\u1ee5ng H\u1ecdc H\u00ecnh Th\u1ee9c Tr\u00f2 Ch\u01a1i Ch\u01a1i l\u00e0 c\u00e1ch t\u1ed1t \u0111\u1ec3 h\u1ecdc. S\u1eed d\u1ee5ng tr\u00f2 ch\u01a1i h\u1ecdc t\u1eadp \u0111\u1ec3 th\u00fac \u0111\u1ea9y ni\u1ec1m vui v\u00e0 s\u1ef1 tham gia c\u1ee7a con. C\u00e1c tr\u00f2 ch\u01a1i b\u00e0i h\u1ecdc, c\u00e2u \u0111\u1ed1, ho\u1eb7c th\u1eadm ch\u00ed c\u00e1c \u1ee9ng d\u1ee5ng h\u1ecdc t\u1eadp tr\u00ean \u0111i\u1ec7n tho\u1ea1i ho\u1eb7c m\u00e1y t\u00ednh c\u00f3 th\u1ec3 gi\u00fap con h\u1ecdc m\u1ed9t c\u00e1ch t\u1ef1 nhi\u00ean v\u00e0 th\u00fa v\u1ecb. K\u1ec3 Chuy\u1ec7n K\u1ec3 chuy\u1ec7n l\u00e0 c\u00e1ch tuy\u1ec7t v\u1eddi \u0111\u1ec3 truy\u1ec1n \u0111\u1ea1t ki\u1ebfn th\u1ee9c v\u00e0 th\u00f4ng \u0111i\u1ec7p. H\u00e3y t\u1ea1o c\u00e1c c\u00e2u chuy\u1ec7n th\u00fa v\u1ecb li\u00ean quan \u0111\u1ebfn ch\u1ee7 \u0111\u1ec1 h\u1ecdc t\u1eadp c\u1ee7a con. Con s\u1ebd c\u00f3 c\u01a1 h\u1ed9i h\u1ecdc h\u1ecfi th\u00f4ng qua vi\u1ec7c l\u1eafng nghe v\u00e0 tham gia v\u00e0o nh\u1eefng c\u00e2u chuy\u1ec7n n\u00e0y. T\u1ea1o M\u1ee5c Ti\u00eau Nh\u1ecf \u0110\u1eb7t ra c\u00e1c m\u1ee5c ti\u00eau nh\u1ecf v\u00e0 c\u1ee5 th\u1ec3 cho con. \u0110i\u1ec1u n\u00e0y gi\u00fap con c\u00f3 c\u1ea3m gi\u00e1c th\u00e0nh t\u1ef1u khi \u0111\u1ea1t \u0111\u01b0\u1ee3c nh\u1eefng m\u1ee5c ti\u00eau \u0111\u00f3. Vi\u1ec7c th\u00e0nh c\u00f4ng nh\u1ecf n\u00e0y s\u1ebd th\u00fac \u0111\u1ea9y l\u00f2ng t\u1ef1 tin v\u00e0 ni\u1ec1m tin v\u00e0o kh\u1ea3 n\u0103ng c\u1ee7a con. T\u1ea1o Li\u00ean K\u1ebft V\u1edbi Th\u1ef1c T\u1ebf Li\u00ean k\u1ebft ki\u1ebfn th\u1ee9c h\u1ecdc t\u1eadp v\u1edbi th\u1ef1c t\u1ebf s\u1ebd gi\u00fap con th\u1ea5y r\u00f5 s\u1ef1 h\u1eefu \u00edch c\u1ee7a vi\u1ec7c h\u1ecdc. H\u00e3y d\u1eabn con \u0111i tham quan, t\u00ecm hi\u1ec3u v\u1ec1 \u1ee9ng d\u1ee5ng c\u1ee7a ki\u1ebfn th\u1ee9c trong cu\u1ed9c s\u1ed1ng h\u00e0ng ng\u00e0y \u0111\u1ec3 con c\u1ea3m th\u1ea5y h\u1ee9ng th\u00fa v\u00e0 mu\u1ed1n t\u00ecm hi\u1ec3u th\u00eam. Kh\u00edch L\u1ec7, Kh\u00f4ng \u00c1p \u0110\u1eb7t Khuy\u1ebfn kh\u00edch v\u00e0 \u1ee7ng h\u1ed9 con h\u01a1n l\u00e0 \u00e1p \u0111\u1eb7t. Khi con \u0111\u1ea1t \u0111\u01b0\u1ee3c \u0111i\u1ec1u g\u00ec \u0111\u00f3, h\u00e3y \u0111\u1ed9ng vi\u00ean v\u00e0 khen ng\u1ee3i. \u0110i\u1ec1u n\u00e0y s\u1ebd th\u00fac \u0111\u1ea9y s\u1ef1 t\u1ef1 h\u00e0o v\u00e0 l\u00f2ng nhi\u1ec7t huy\u1ebft trong vi\u1ec7c h\u1ecdc t\u1eadp. L\u1eafng Nghe Con H\u00e3y l\u1eafng nghe con v\u00e0 th\u1ea5u hi\u1ec3u t\u1ea1i sao con kh\u00f4ng h\u1ee9ng th\u00fa h\u1ecdc. C\u00f3 th\u1ec3 c\u00f3 nh\u1eefng nguy\u00ean nh\u00e2n c\u00e1 nh\u00e2n m\u00e0 con c\u1ea3m th\u1ea5y kh\u00f4ng mu\u1ed1n h\u1ecdc. B\u1eb1ng c\u00e1ch l\u1eafng nghe v\u00e0 th\u1ea3o lu\u1eadn, b\u1ea1n c\u00f3 th\u1ec3 t\u00ecm ra gi\u1ea3i ph\u00e1p ph\u00f9 h\u1ee3p. Nh\u1edb r\u1eb1ng, m\u1ed7i \u0111\u1ee9a tr\u1ebb \u0111\u1ec1u c\u00f3 c\u00e1 t\u00ednh v\u00e0 c\u00e1ch h\u1ecdc ri\u00eang. Vi\u1ec7c kh\u00e1m ph\u00e1 v\u00e0 th\u00fac \u0111\u1ea9y ni\u1ec1m \u0111am m\u00ea h\u1ecdc t\u1eadp c\u1ee7a con \u0111\u00f2i h\u1ecfi s\u1ef1 ki\u00ean nh\u1eabn, s\u00e1ng t\u1ea1o v\u00e0 t\u00ecnh y\u00eau th\u01b0\u01a1ng t\u1eeb ph\u00eda b\u1ea1n. H\u1ecdc H\u00e0nh C\u00f9ng Con H\u00e3y d\u00e0nh th\u1eddi gian \u0111\u1ec3 h\u1ecdc c\u00f9ng con. \u0110i\u1ec1u n\u00e0y th\u1ec3 hi\u1ec7n t\u00ecnh c\u1ea3m v\u00e0 quan t\u00e2m c\u1ee7a b\u1ea1n \u0111\u1ed1i v\u1edbi vi\u1ec7c h\u1ecdc t\u1eadp c\u1ee7a con. Khi con th\u1ea5y m\u00ecnh kh\u00f4ng \u0111\u01a1n \u0111\u1ed9c trong qu\u00e1 tr\u00ecnh h\u1ecdc, con s\u1ebd c\u00f3 \u0111\u1ed9ng l\u1ef1c h\u01a1n \u0111\u1ec3 tham gia Bi\u1ebfn H\u1ecdc T\u1eadp Th\u00e0nh Th\u00e1ch Th\u1ee9c H\u00e3y bi\u1ebfn vi\u1ec7c h\u1ecdc th\u00e0nh nh\u1eefng th\u00e1ch th\u1ee9c th\u00fa v\u1ecb. \u0110\u1eb7t ra c\u00e1c c\u00e2u h\u1ecfi kh\u00f3 v\u00e0 th\u00fa v\u1ecb, khuy\u1ebfn kh\u00edch con suy ngh\u0129 v\u00e0 t\u00ecm ra c\u00e1c gi\u1ea3i ph\u00e1p. \u0110i\u1ec1u n\u00e0y kh\u00f4ng ch\u1ec9 gi\u00fap con ph\u00e1t tri\u1ec3n t\u01b0 duy m\u00e0 c\u00f2n k\u00edch th\u00edch s\u1ef1 t\u00f2 m\u00f2 S\u1eed D\u1ee5ng C\u00f4ng C\u1ee5 \u0110a Ph\u01b0\u01a1ng Ti\u1ec7n S\u1eed d\u1ee5ng s\u00e1ch, video, h\u00ecnh \u1ea3nh v\u00e0 c\u00e1c c\u00f4ng c\u1ee5 \u0111a ph\u01b0\u01a1ng ti\u1ec7n kh\u00e1c \u0111\u1ec3 gi\u00fap con h\u1ecdc m\u1ed9t c\u00e1ch \u0111a d\u1ea1ng. \u0110i\u1ec1u n\u00e0y gi\u00fap con c\u00f3 nhi\u1ec1u c\u00e1ch ti\u1ebfp c\u1eadn kh\u00e1c nhau \u0111\u1ed1i v\u1edbi ki\u1ebfn th\u1ee9c v\u00e0 gi\u1eef cho qu\u00e1 tr\u00ecnh h\u1ecdc lu\u00f4n m\u1edbi m\u1ebb Th\u1ec3 Hi\u1ec7n S\u1ef1 K\u00edch Th\u00edch B\u1ea3n Th\u00e2n Khi b\u1ea1n t\u1ecf ra h\u1ee9ng th\u00fa v\u1edbi vi\u1ec7c h\u1ecdc t\u1eadp, con c\u0169ng c\u00f3 kh\u1ea3 n\u0103ng s\u1ebd b\u1eaft ch\u01b0\u1edbc. H\u00e3y chia s\u1ebb nh\u1eefng c\u00e2u chuy\u1ec7n, ki\u1ebfn th\u1ee9c hay nh\u1eefng ph\u00e1t hi\u1ec7n th\u00fa v\u1ecb m\u00e0 b\u1ea1n g\u1eb7p trong cu\u1ed9c s\u1ed1ng h\u00e0ng ng\u00e0y \u0111\u1ec3 kh\u01a1i d\u1eady s\u1ef1 t\u00f2 m\u00f2 c\u1ee7a con. Kh\u00e1m Ph\u00e1 C\u00e1c L\u0129nh V\u1ef1c M\u1edbi M\u1edf r\u1ed9ng t\u1ea7m nh\u00ecn c\u1ee7a con b\u1eb1ng c\u00e1ch gi\u1edbi thi\u1ec7u cho con nh\u1eefng l\u0129nh v\u1ef1c m\u1edbi. \u0110i\u1ec1u n\u00e0y c\u00f3 th\u1ec3 l\u00e0 vi\u1ec7c h\u1ecdc v\u1ec1 n\u1ec1n v\u0103n h\u00f3a, khoa h\u1ecdc, ngh\u1ec7 thu\u1eadt ho\u1eb7c th\u1eadm ch\u00ed l\u00e0 vi\u1ec7c h\u1ecdc m\u1ed9t ng\u00f4n ng\u1eef m\u1edbi. Vi\u1ec7c n\u00e0y gi\u00fap con th\u1ea5y r\u1eb1ng h\u1ecdc t\u1eadp l\u00e0 c\u1eeda v\u00e0o th\u1ebf gi\u1edbi \u0111a d\u1ea1ng v\u00e0 th\u00fa v\u1ecb. \u0110\u1eb7t C\u00e2u H\u1ecfi T\u00f2 M\u00f2 Khuy\u1ebfn kh\u00edch con \u0111\u1eb7t c\u00e2u h\u1ecfi v\u00e0 t\u00ecm hi\u1ec3u v\u1ec1 nh\u1eefng g\u00ec con mu\u1ed1n bi\u1ebft. B\u1ea1n c\u00f3 th\u1ec3 h\u1ed7 tr\u1ee3 con trong vi\u1ec7c t\u00ecm ki\u1ebfm th\u00f4ng tin ho\u1eb7c c\u00f9ng nhau t\u00ecm c\u00e2u tr\u1ea3 l\u1eddi. Vi\u1ec7c n\u00e0y gi\u00fap con th\u1ea5y r\u1eb1ng vi\u1ec7c h\u1ecdc kh\u00f4ng ch\u1ec9 l\u00e0 vi\u1ec7c ng\u1ed3i trong l\u1edbp h\u1ecdc m\u00e0 c\u00f2n l\u00e0 vi\u1ec7c t\u00ecm hi\u1ec3u th\u1ebf gi\u1edbi xung quanh. \u0110\u1eb7t Ra K\u1ebf Ho\u1ea1ch H\u1ee3p L\u00fd X\u00e2y d\u1ef1ng m\u1ed9t l\u1ecbch h\u1ecdc h\u1ee3p l\u00fd v\u00e0 linh ho\u1ea1t \u0111\u1ec3 gi\u00fap con qu\u1ea3n l\u00fd th\u1eddi gian v\u00e0 c\u00f4ng vi\u1ec7c h\u1ecdc t\u1eadp. \u0110i\u1ec1u n\u00e0y gi\u00fap con th\u1ea5y r\u00f5 m\u1ee5c ti\u00eau v\u00e0 k\u1ebf ho\u1ea1ch c\u1ee7a m\u00ecnh, t\u1eeb \u0111\u00f3 t\u1ea1o \u0111\u1ed9ng l\u1ef1c cho vi\u1ec7c h\u1ecdc t\u1eadp. V\u1edbi nh\u1eefng c\u00e1ch ti\u1ebfp c\u1eadn n\u00e0y, b\u1ea1n c\u00f3 th\u1ec3 gi\u00fap con ph\u00e1t tri\u1ec3n ni\u1ec1m \u0111am m\u00ea h\u1ecdc t\u1eadp v\u00e0 t\u1eadn h\u01b0\u1edfng qu\u00e1 tr\u00ecnh h\u1ecdc m\u1ed9t c\u00e1ch t\u00edch c\u1ef1c. H\u00e3y lu\u00f4n t\u1ea1o m\u00f4i tr\u01b0\u1eddng h\u1ecdc t\u1eadp tho\u1ea3i m\u00e1i, \u0111\u1ed9ng vi\u00ean con v\u00e0 khuy\u1ebfn kh\u00edch s\u1ef1 t\u00f2 m\u00f2 c\u1ee7a con. &nbsp;<\/p>\n\t\t<\/div>\n\t\t\n\t\t<a class=\"elementor-post__read-more\" href=\"https:\/\/demo.antu.vn\/lightup\/five-skills\/con-khong-hung-thu-hoc-phai-lam-sao\/\" aria-label=\"Read more about Con Kh\u00f4ng H\u1ee9ng Th\u00fa H\u1ecdc \u2013 Ph\u1ea3i L\u00e0m Sao?\" tabindex=\"-1\" >\n\t\t\tXem Th\u00eam \u00bb\t\t<\/a>\n\n\t\t\t\t<\/div>\n\t\t\t\t<\/article>\n\t\t\t\t<\/div>\n\t\t\n\t\t\t\t<\/div>\n\t\t\t\t<\/div>\n\t\t\t\t\t<\/div>\n\t\t<\/div>\n\t\t\t\t\t<\/div>\n\t\t<\/section>\n\t\t\t\t<\/div>\n\t\t","protected":false},"excerpt":{"rendered":"<p>Gi\u1edbi Thi\u1ec7u 5 Skills Ch\u01b0\u01a1ng tr\u00ecnh d\u1ea1y ti\u1ebfng Anh cho h\u1ecdc sinh \u0111\u01b0\u1ee3c \u0111\u00e1nh gi\u00e1 cao b\u1edfi h\u1ecdc sinh, ph\u1ee5 huynh v\u00e0 c\u00e1c chuy\u00ean gia gi\u00e1o d\u1ee5c. https:\/\/www.youtube.com\/watch?v=XHOmBV4js_E Lorem ipsum dolor sit amet https:\/\/www.youtube.com\/watch?v=XHOmBV4js_E Lorem ipsum dolor sit amet https:\/\/www.youtube.com\/watch?v=XHOmBV4js_E Lorem ipsum dolor sit amet https:\/\/www.youtube.com\/watch?v=XHOmBV4js_E Lorem ipsum dolor sit amet https:\/\/www.youtube.com\/watch?v=XHOmBV4js_E Lorem ipsum dolor [&hellip;]<\/p>\n","protected":false},"author":1,"featured_media":0,"parent":0,"menu_order":0,"comment_status":"closed","ping_status":"closed","template":"elementor_header_footer","meta":{"_acf_changed":false,"footnotes":""},"class_list":["post-1937","page","type-page","status-publish","hentry"],"acf":[],"_links":{"self":[{"href":"https:\/\/demo.antu.vn\/lightup\/wp-json\/wp\/v2\/pages\/1937","targetHints":{"allow":["GET"]}}],"collection":[{"href":"https:\/\/demo.antu.vn\/lightup\/wp-json\/wp\/v2\/pages"}],"about":[{"href":"https:\/\/demo.antu.vn\/lightup\/wp-json\/wp\/v2\/types\/page"}],"author":[{"embeddable":true,"href":"https:\/\/demo.antu.vn\/lightup\/wp-json\/wp\/v2\/users\/1"}],"replies":[{"embeddable":true,"href":"https:\/\/demo.antu.vn\/lightup\/wp-json\/wp\/v2\/comments?post=1937"}],"version-history":[{"count":7,"href":"https:\/\/demo.antu.vn\/lightup\/wp-json\/wp\/v2\/pages\/1937\/revisions"}],"predecessor-version":[{"id":1944,"href":"https:\/\/demo.antu.vn\/lightup\/wp-json\/wp\/v2\/pages\/1937\/revisions\/1944"}],"wp:attachment":[{"href":"https:\/\/demo.antu.vn\/lightup\/wp-json\/wp\/v2\/media?parent=1937"}],"curies":[{"name":"wp","href":"https:\/\/api.w.org\/{rel}","templated":true}]}}